{"id":51575,"date":"2022-11-23T23:01:17","date_gmt":"2022-11-23T20:01:17","guid":{"rendered":"https:\/\/montado.de\/product\/shopper-schultertasche-2\/#"},"modified":"2024-12-13T17:37:34","modified_gmt":"2024-12-13T14:37:34","slug":"shopper-schultertasche-2","status":"publish","type":"product","link":"https:\/\/montado.de\/en\/product\/shopper-schultertasche-2\/#461c610","title":{"rendered":"Shopper \/ Schultertasche"},"content":{"rendered":"<p>&nbsp;<\/p>\n<p>Die Korktasche von Montado ist ein Must-Have f\u00fcr alle, die nachhaltige und umweltbewusste Mode bevorzugen. Die Tasche besteht aus Kork, einem nachhaltigen und erneuerbaren Material, das sowohl langlebig als auch leicht ist. Die Produktion erfolgt fair und unter ethischen Gesichtspunkten, was die Korktasche zu einer verantwortungsvollen Wahl macht.<\/p>\n<p>Die schlichte Eleganz der Tasche wird durch das zeitlose Design in der Farbe Mapa-Montado unterstrichen. Die Tasche verf\u00fcgt \u00fcber zwei Trageriemen und bietet mit einer Gr\u00f6\u00dfe von 32 x 29 x 13 cm genug Platz f\u00fcr alle wichtigen Dinge des Alltags. Das gro\u00dfe Hauptfach l\u00e4sst sich mit einem Rei\u00dfverschluss schlie\u00dfen und auf der Vorderseite befindet sich eine praktische kleine Tasche mit Rei\u00dfverschluss.<\/p>\n<p>Im Inneren der Tasche gibt es eine Handytasche sowie ein kleines T\u00e4schchen f\u00fcr Schl\u00fcssel oder andere Kleinigkeiten. Ob als Schultertasche oder als Shopper &#8211; die Korktasche von Montado ist ein vielseitiges Accessoire, das zu jedem Outfit passt.<\/p>\n<p>Dank des nachhaltigen und veganen Materials ist die Handtasche aus Kork nicht nur umweltfreundlich, sondern auch ein Statement f\u00fcr einen bewussten Lebensstil. Mit ihrem schlichten und eleganten Design ist sie perfekt f\u00fcr alle, die zeitlose Mode lieben und auf Nachhaltigkeit achten.<\/p>\n<p>Insgesamt ist die Handtasche aus Kork von Montado eine stilvolle und praktische Wahl f\u00fcr alle, die eine nachhaltige Alternative zu Lederhandtaschen suchen. Die Kombination aus ansprechendem Design und \u00f6kologischen Aspekten macht diese Tasche zu einem Highlight f\u00fcr jedes Outfit.<\/p>\n<p>&nbsp;<\/p>\n<ul>\n<li>Material au\u00dfen: 100% Kork<\/li>\n<li>Innenseite: Fach mit Rei\u00dfverschluss (Zamac) und Handytasche<\/li>\n<li>Verschluss oben: Rei\u00dfverschluss (Zamac)<\/li>\n<li>Tragegriff: 2 Trageriemen<\/li>\n<li>Gr\u00f6\u00dfe: ca. 32 x 29 x 13 cm<\/li>\n<li>Farbe: Natur \/ Beige mit Metallic-Muster<\/li>\n<\/ul>\n<p>&nbsp;<\/p>","protected":false},"excerpt":{"rendered":"<p>&nbsp; Die Korktasche von Montado ist ein Must-Have f\u00fcr alle, die nachhaltige und umweltbewusste Mode bevorzugen. Die Tasche besteht aus Kork, einem nachhaltigen und erneuerbaren Material, das sowohl langlebig als auch leicht ist. Die Produktion erfolgt fair und unter ethischen Gesichtspunkten, was die Korktasche zu einer verantwortungsvollen Wahl macht. Die schlichte Eleganz der Tasche wird&hellip;<\/p>","protected":false},"featured_media":51577,"template":"","meta":[],"product_cat":[15,20,256,30],"product_tag":[],"_links":{"self":[{"href":"https:\/\/montado.de\/en\/wp-json\/wp\/v2\/product\/51575"}],"collection":[{"href":"https:\/\/montado.de\/en\/wp-json\/wp\/v2\/product"}],"about":[{"href":"https:\/\/montado.de\/en\/wp-json\/wp\/v2\/types\/product"}],"wp:featuredmedia":[{"embeddable":true,"href":"https:\/\/montado.de\/en\/wp-json\/wp\/v2\/media\/51577"}],"wp:attachment":[{"href":"https:\/\/montado.de\/en\/wp-json\/wp\/v2\/media?parent=51575"}],"wp:term":[{"taxonomy":"product_cat","embeddable":true,"href":"https:\/\/montado.de\/en\/wp-json\/wp\/v2\/product_cat?post=51575"},{"taxonomy":"product_tag","embeddable":true,"href":"https:\/\/montado.de\/en\/wp-json\/wp\/v2\/product_tag?post=51575"}],"curies":[{"name":"wp","href":"https:\/\/api.w.org\/{rel}","templated":true}]}}