{"id":51144,"date":"2022-09-02T20:49:15","date_gmt":"2022-09-02T17:49:15","guid":{"rendered":"https:\/\/montado.de\/product\/umhaengetasche-13\/#"},"modified":"2025-12-14T21:36:24","modified_gmt":"2025-12-14T18:36:24","slug":"umhaengetasche-13","status":"publish","type":"product","link":"https:\/\/montado.de\/en\/product\/umhaengetasche-13\/#461c140","title":{"rendered":"Umh\u00e4ngetasche"},"content":{"rendered":"<p>&nbsp;<\/p>\n<p>Eine exklusive Damenhandtasche die durch ein klassisch elegantes Design hervorsticht und Sie souver\u00e4n am Abend oder im Gesch\u00e4ftsleben begleiten wird. Gefertigt aus unserem samtig weichen Korkleder.<\/p>\n<p>&nbsp;<\/p>\n<ul>\n<li>Material: Kork<\/li>\n<li>Innenseite: Rei\u00dfverschluss innen, mit Handytasche<\/li>\n<li>Verschluss: Metall<\/li>\n<li>Tragegriff: 2 Haltegriffe<\/li>\n<li>Gr\u00f6\u00dfe: ca. 33 x 37 x 15 cm<\/li>\n<\/ul>\n<p>&nbsp;<\/p>","protected":false},"excerpt":{"rendered":"<p>&nbsp; Eine exklusive Damenhandtasche die durch ein klassisch elegantes Design hervorsticht und Sie souver\u00e4n am Abend oder im Gesch\u00e4ftsleben begleiten wird. Gefertigt aus unserem samtig weichen Korkleder. &nbsp; Material: Kork Innenseite: Rei\u00dfverschluss innen, mit Handytasche Verschluss: Metall Tragegriff: 2 Haltegriffe Gr\u00f6\u00dfe: ca. 33 x 37 x 15 cm &nbsp;<\/p>","protected":false},"featured_media":52147,"template":"","meta":[],"product_cat":[15,20,256,30],"product_tag":[],"_links":{"self":[{"href":"https:\/\/montado.de\/en\/wp-json\/wp\/v2\/product\/51144"}],"collection":[{"href":"https:\/\/montado.de\/en\/wp-json\/wp\/v2\/product"}],"about":[{"href":"https:\/\/montado.de\/en\/wp-json\/wp\/v2\/types\/product"}],"wp:featuredmedia":[{"embeddable":true,"href":"https:\/\/montado.de\/en\/wp-json\/wp\/v2\/media\/52147"}],"wp:attachment":[{"href":"https:\/\/montado.de\/en\/wp-json\/wp\/v2\/media?parent=51144"}],"wp:term":[{"taxonomy":"product_cat","embeddable":true,"href":"https:\/\/montado.de\/en\/wp-json\/wp\/v2\/product_cat?post=51144"},{"taxonomy":"product_tag","embeddable":true,"href":"https:\/\/montado.de\/en\/wp-json\/wp\/v2\/product_tag?post=51144"}],"curies":[{"name":"wp","href":"https:\/\/api.w.org\/{rel}","templated":true}]}}