{"id":50927,"date":"2022-08-29T16:29:05","date_gmt":"2022-08-29T13:29:05","guid":{"rendered":"https:\/\/montado.de\/product\/bauchtasche-hitbag\/#"},"modified":"2025-12-18T10:25:21","modified_gmt":"2025-12-18T07:25:21","slug":"bauchtasche-hitbag","status":"publish","type":"product","link":"https:\/\/montado.de\/en\/product\/bauchtasche-hitbag\/#6701001","title":{"rendered":"Bauchtasche \/ Hitbag"},"content":{"rendered":"<p>&nbsp;<\/p>\n<p>Eine vegane Bauchtasche f\u00fcr den Alltag oder die n\u00e4chste Urlaubsreise. Die schlichte G\u00fcrteltasche hat einen Reissverschluss au\u00dfen und einen in der L\u00e4nge anpassbaren Gurt f\u00fcr die H\u00fcfte. Gefertigt aus unserem samtig weichen Korkleder.<\/p>\n<p>&nbsp;<\/p>\n<ul>\n<li>Tragegriff: 1 verstellbarer H\u00fcftriemen<\/li>\n<li>Gr\u00f6\u00dfe: 24 x 16 x 8 cm<\/li>\n<li>Farbe: Beige \/ Natur oder Natur mit Taco<\/li>\n<\/ul>\n<p>&nbsp;<\/p>","protected":false},"excerpt":{"rendered":"<p>&nbsp; Eine vegane Bauchtasche f\u00fcr den Alltag oder die n\u00e4chste Urlaubsreise. Die schlichte G\u00fcrteltasche hat einen Reissverschluss au\u00dfen und einen in der L\u00e4nge anpassbaren Gurt f\u00fcr die H\u00fcfte. Gefertigt aus unserem samtig weichen Korkleder. &nbsp; Tragegriff: 1 verstellbarer H\u00fcftriemen Gr\u00f6\u00dfe: 24 x 16 x 8 cm Farbe: Beige \/ Natur oder Natur mit Taco &nbsp;<\/p>","protected":false},"featured_media":50933,"template":"","meta":[],"product_cat":[15,25,28,30],"product_tag":[],"_links":{"self":[{"href":"https:\/\/montado.de\/en\/wp-json\/wp\/v2\/product\/50927"}],"collection":[{"href":"https:\/\/montado.de\/en\/wp-json\/wp\/v2\/product"}],"about":[{"href":"https:\/\/montado.de\/en\/wp-json\/wp\/v2\/types\/product"}],"wp:featuredmedia":[{"embeddable":true,"href":"https:\/\/montado.de\/en\/wp-json\/wp\/v2\/media\/50933"}],"wp:attachment":[{"href":"https:\/\/montado.de\/en\/wp-json\/wp\/v2\/media?parent=50927"}],"wp:term":[{"taxonomy":"product_cat","embeddable":true,"href":"https:\/\/montado.de\/en\/wp-json\/wp\/v2\/product_cat?post=50927"},{"taxonomy":"product_tag","embeddable":true,"href":"https:\/\/montado.de\/en\/wp-json\/wp\/v2\/product_tag?post=50927"}],"curies":[{"name":"wp","href":"https:\/\/api.w.org\/{rel}","templated":true}]}}