{"id":50733,"date":"2022-08-29T11:29:17","date_gmt":"2022-08-29T08:29:17","guid":{"rendered":"https:\/\/montado.de\/product\/umhaengetasche\/#"},"modified":"2023-11-21T22:45:03","modified_gmt":"2023-11-21T19:45:03","slug":"umhaengetasche","status":"publish","type":"product","link":"https:\/\/montado.de\/en\/product\/umhaengetasche\/#461c711","title":{"rendered":"Umh\u00e4ngetasche"},"content":{"rendered":"<p>&nbsp;<\/p>\n<p>Eine vegane Umh\u00e4ngetasche mit farbenfrohen Fenster-Motiven. Die handliche Schultertasche passt sch\u00f6n zu einem verspielten Freizeitlook oder einem freundlichen B\u00fcrolook. Die nachhaltige Handtasche begleitet Sie charmant durch den Abend oder im Gesch\u00e4ftsleben. Auf der Innenseite gibt es ein Fach mit Rei\u00dfverschluss sowie eine Handytasche. Gefertigt aus unserem samtig weichen Korkleder.<\/p>\n<p>&nbsp;<\/p>\n<ul>\n<li>Obermaterial: 100% Kork<\/li>\n<li>Innenseite: Fach mit Rei\u00dfverschluss (Zamac) und Handytasche<\/li>\n<li>R\u00fcckseite: Fach mit Rei\u00dfverschluss (Zamac)<\/li>\n<li>Verschluss oben: Rei\u00dfverschluss (Zamac) und Klappe mit Magnetschlie\u00dfe<\/li>\n<li>Gr\u00f6\u00dfe: ca. 21 x 18 x 8 cm<\/li>\n<li>Farbe: Natur \/ Beige mit Fenster-Motiven<\/li>\n<\/ul>\n<p>&nbsp;<\/p>","protected":false},"excerpt":{"rendered":"<p>&nbsp; Eine vegane Umh\u00e4ngetasche mit farbenfrohen Fenster-Motiven. Die handliche Schultertasche passt sch\u00f6n zu einem verspielten Freizeitlook oder einem freundlichen B\u00fcrolook. Die nachhaltige Handtasche begleitet Sie charmant durch den Abend oder im Gesch\u00e4ftsleben. Auf der Innenseite gibt es ein Fach mit Rei\u00dfverschluss sowie eine Handytasche. Gefertigt aus unserem samtig weichen Korkleder. &nbsp; Obermaterial: 100% Kork Innenseite:&hellip;<\/p>","protected":false},"featured_media":50735,"template":"","meta":[],"product_cat":[15,20,256,30],"product_tag":[],"_links":{"self":[{"href":"https:\/\/montado.de\/en\/wp-json\/wp\/v2\/product\/50733"}],"collection":[{"href":"https:\/\/montado.de\/en\/wp-json\/wp\/v2\/product"}],"about":[{"href":"https:\/\/montado.de\/en\/wp-json\/wp\/v2\/types\/product"}],"wp:featuredmedia":[{"embeddable":true,"href":"https:\/\/montado.de\/en\/wp-json\/wp\/v2\/media\/50735"}],"wp:attachment":[{"href":"https:\/\/montado.de\/en\/wp-json\/wp\/v2\/media?parent=50733"}],"wp:term":[{"taxonomy":"product_cat","embeddable":true,"href":"https:\/\/montado.de\/en\/wp-json\/wp\/v2\/product_cat?post=50733"},{"taxonomy":"product_tag","embeddable":true,"href":"https:\/\/montado.de\/en\/wp-json\/wp\/v2\/product_tag?post=50733"}],"curies":[{"name":"wp","href":"https:\/\/api.w.org\/{rel}","templated":true}]}}