{"id":50561,"date":"2022-08-25T11:35:07","date_gmt":"2022-08-25T08:35:07","guid":{"rendered":"https:\/\/montado.de\/product\/korktasche-tommy\/#"},"modified":"2026-04-20T18:33:57","modified_gmt":"2026-04-20T15:33:57","slug":"korktasche-tommy","status":"publish","type":"product","link":"https:\/\/montado.de\/en\/product\/korktasche-tommy\/#461c146","title":{"rendered":"Korktasche Tommy"},"content":{"rendered":"<p>&nbsp;<\/p>\n<p>Eine exklusive Damenhandtasche die durch ein klassisch elegantes Design hervorsticht und Sie souver\u00e4n am Abend oder im Gesch\u00e4ftsleben begleiten wird. Gefertigt aus unserem samtig weichen Korkleder.<\/p>\n<p>&nbsp;<\/p>\n<ul>\n<li>Material: Kork<\/li>\n<li>Innenseite: Rei\u00dfverschluss innen, mit Handytasche (Kunstleder)<\/li>\n<li>Verschluss: Metall<\/li>\n<li>Tragegriff: 2 Haltegriffe<\/li>\n<li>Gr\u00f6\u00dfe: ca. 25 x 40 x 16 cm<\/li>\n<\/ul>\n<p>&nbsp;<\/p>","protected":false},"excerpt":{"rendered":"<p>&nbsp; Eine exklusive Damenhandtasche die durch ein klassisch elegantes Design hervorsticht und Sie souver\u00e4n am Abend oder im Gesch\u00e4ftsleben begleiten wird. Gefertigt aus unserem samtig weichen Korkleder. &nbsp; Material: Kork Innenseite: Rei\u00dfverschluss innen, mit Handytasche (Kunstleder) Verschluss: Metall Tragegriff: 2 Haltegriffe Gr\u00f6\u00dfe: ca. 25 x 40 x 16 cm &nbsp;<\/p>","protected":false},"featured_media":50564,"template":"","meta":[],"product_cat":[15,20,30],"product_tag":[],"_links":{"self":[{"href":"https:\/\/montado.de\/en\/wp-json\/wp\/v2\/product\/50561"}],"collection":[{"href":"https:\/\/montado.de\/en\/wp-json\/wp\/v2\/product"}],"about":[{"href":"https:\/\/montado.de\/en\/wp-json\/wp\/v2\/types\/product"}],"wp:featuredmedia":[{"embeddable":true,"href":"https:\/\/montado.de\/en\/wp-json\/wp\/v2\/media\/50564"}],"wp:attachment":[{"href":"https:\/\/montado.de\/en\/wp-json\/wp\/v2\/media?parent=50561"}],"wp:term":[{"taxonomy":"product_cat","embeddable":true,"href":"https:\/\/montado.de\/en\/wp-json\/wp\/v2\/product_cat?post=50561"},{"taxonomy":"product_tag","embeddable":true,"href":"https:\/\/montado.de\/en\/wp-json\/wp\/v2\/product_tag?post=50561"}],"curies":[{"name":"wp","href":"https:\/\/api.w.org\/{rel}","templated":true}]}}