{"id":48162,"date":"2019-11-20T14:34:44","date_gmt":"2019-11-20T11:34:44","guid":{"rendered":"https:\/\/dev.montado.gr\/product\/import-placeholder-for-461c227\/"},"modified":"2025-11-03T16:00:26","modified_gmt":"2025-11-03T13:00:26","slug":"umhaengetasche-aus-kork","status":"publish","type":"product","link":"https:\/\/montado.de\/en\/product\/umhaengetasche-aus-kork\/#461C227","title":{"rendered":"Umh\u00e4ngetasche aus Kork"},"content":{"rendered":"<p>&nbsp;<\/p>\n<p>Eine vegane Umh\u00e4ngetasche f\u00fcr Damen aus Kork, die durch ein klassisch elegantes Design mit unverwechselbaren 3D-Lasermuster besticht. Die handliche Schultertasche passt sch\u00f6n zu einem eleganten Freizeitlook oder einem galanten B\u00fcrolook. Die nachhaltige Handtasche begleitet Sie charmant durch den Abend oder im Gesch\u00e4ftsleben. Auf der R\u00fcckseite sowie auf der Innenseite gibt es jeweils ein Fach mit Rei\u00dfverschluss. Gefertigt aus unserem samtig weichen Korkleder.<\/p>\n<p>&nbsp;<\/p>\n<ul>\n<li>R\u00fcckseite: Fach mit Rei\u00dfverschluss (Zamac)<\/li>\n<li>Innenseite: Fach mit Rei\u00dfverschluss (Zamac)<\/li>\n<li>Verschluss: Magnetverschluss<\/li>\n<li>Gr\u00f6\u00dfe: ca. 26 x 19 x 5 cm<\/li>\n<li>Farbe: verschiedene Farben<\/li>\n<\/ul>\n<p>&nbsp;<\/p>","protected":false},"excerpt":{"rendered":"<p>&nbsp; Eine vegane Umh\u00e4ngetasche f\u00fcr Damen aus Kork, die durch ein klassisch elegantes Design mit unverwechselbaren 3D-Lasermuster besticht. Die handliche Schultertasche passt sch\u00f6n zu einem eleganten Freizeitlook oder einem galanten B\u00fcrolook. Die nachhaltige Handtasche begleitet Sie charmant durch den Abend oder im Gesch\u00e4ftsleben. Auf der R\u00fcckseite sowie auf der Innenseite gibt es jeweils ein Fach&hellip;<\/p>","protected":false},"featured_media":47943,"template":"","meta":[],"product_cat":[20,30],"product_tag":[64,65,69,67,68],"_links":{"self":[{"href":"https:\/\/montado.de\/en\/wp-json\/wp\/v2\/product\/48162"}],"collection":[{"href":"https:\/\/montado.de\/en\/wp-json\/wp\/v2\/product"}],"about":[{"href":"https:\/\/montado.de\/en\/wp-json\/wp\/v2\/types\/product"}],"wp:featuredmedia":[{"embeddable":true,"href":"https:\/\/montado.de\/en\/wp-json\/wp\/v2\/media\/47943"}],"wp:attachment":[{"href":"https:\/\/montado.de\/en\/wp-json\/wp\/v2\/media?parent=48162"}],"wp:term":[{"taxonomy":"product_cat","embeddable":true,"href":"https:\/\/montado.de\/en\/wp-json\/wp\/v2\/product_cat?post=48162"},{"taxonomy":"product_tag","embeddable":true,"href":"https:\/\/montado.de\/en\/wp-json\/wp\/v2\/product_tag?post=48162"}],"curies":[{"name":"wp","href":"https:\/\/api.w.org\/{rel}","templated":true}]}}