{"id":50077,"date":"2019-12-09T14:24:49","date_gmt":"2019-12-09T11:24:49","guid":{"rendered":"https:\/\/dev.montado.gr\/%cf%84%cf%81%cf%8c%cf%80%ce%bf%ce%b9-%ce%b1%cf%80%ce%bf%cf%83%cf%84%ce%bf%ce%bb%ce%ae%cf%82\/"},"modified":"2022-04-02T15:58:48","modified_gmt":"2022-04-02T12:58:48","slug":"versand-lieferung","status":"publish","type":"page","link":"https:\/\/montado.de\/en\/versand-lieferung\/","title":{"rendered":"Shipping &amp; Delivery"},"content":{"rendered":"<div class=\"vc_row wpb_row vc_row-fluid\"><div class=\"wpb_column vc_column_container vc_col-sm-12\"><div class=\"vc_column-inner\"><div class=\"wpb_wrapper\"><h3 style=\"color: #000000;text-align: center;font-family:Abril Fatface;font-weight:400;font-style:normal\" class=\"vc_custom_heading\" ><b>Shipping &amp; Delivery<\/b><\/h3>\n\t<div class=\"wpb_text_column wpb_content_element\" >\n\t\t<div class=\"wpb_wrapper\">\n\t\t\t<p><b>SHIPPING METHODS<\/b><\/p>\n<ul>\n<li>Innerhalb Deutschlands werden unsere Produkte mit DHL geliefert.<\/li>\n<li>In den EU-L\u00e4ndern und dem Rest der Welt erfolgt der Versand mit DHL Premium.<\/li>\n<\/ul>\n<p>&nbsp;<\/p>\n<p><b>SHIPPING COSTS\u00a0\u00a0<\/b><\/p>\n<p>The shipping costs and transit times vary by country and customer group (private customers or commercial\/business customers).<\/p>\n<p><b>\u00a0 \u00a0 \u00a0Private customers:Private customers: <\/b><\/p>\n<ul>\n<li>Innerhalb Deutschlands berechnen wir pro Bestellung Mindestversandkosten von 4,99 \u20ac mit DHL Premium.<\/li>\n<li>F\u00fcr Bestellungen aus \u00d6sterreich berechnen wir Mindestversandkosten von 7,99 \u20ac pro Bestellung mit DHL Premium.<\/li>\n<li>F\u00fcr Bestellungen aus den \u00fcbrigen EU-L\u00e4ndern berechnen wir Mindestversandkosten von 12,99 \u20ac pro Bestellung mit DHL Premium International.<\/li>\n<li>F\u00fcr Bestellungen aus Nicht-EU-L\u00e4ndern berechnen wir Mindestversandkosten von 14,99 \u20ac pro Bestellung mit DHL Premium International.<\/li>\n<\/ul>\n<p class=\" translation-block\">Commercial\/Business customers (upon prior registration as business customer):<\/p>\n<ul>\n<li>Innerhalb Deutschlands berechnen wir pro Bestellung Mindestversandkosten von 4,50 \u20ac netto (ein Paket nicht mehr als 3 kg) mit DHL Premium. Bei abweichender Anzahl von Paketen oder abweichendem Gewicht k\u00f6nnen sich die Versandkosten pro gewerblicher Bestellung erh\u00f6hen.<\/li>\n<li>We do not offer shipping to other EU-countries or non-EU countries. Please contact us if you are an international business prospect and be interested in selling Montado products within your country.<\/li>\n<\/ul>\n<p>&nbsp;<\/p>\n<p><b>DELIVERIES AND TRANSIT TIMES<\/b><\/p>\n<p>Montado Germany  is committed to make every effort to ensure that delivery takes place timely and with a short transit time. Unless otherwise stated in writing, transit time for private and commercial\/business customers is 2-4 days for articles in stock and 4-6 weeks for ordered goods.<\/p>\n<p>In the event of unavailability of the ordered article, Montado Germany will inform the customer and will refund the amount that has been paid, within a maximum period of 14 days from the knowledge of the unavailability.<\/p>\n<p>Montado Germany shall not be liable in any way for any damages, direct or indirect, arising from delays in deliveries or for the unavailability of the ordered article.<\/p>\n\n\t\t<\/div>\n\t<\/div>\n<\/div><\/div><\/div><div class=\"wpb_column vc_column_container vc_col-sm-12\"><div class=\"vc_column-inner\"><div class=\"wpb_wrapper\"><\/div><\/div><\/div><\/div>","protected":false},"excerpt":{"rendered":"<p>Versand &amp; Lieferung VERSANDARTEN Innerhalb Deutschlands werden unsere Produkte mit DHL geliefert. In den EU-L\u00e4ndern und dem Rest der Welt erfolgt der Versand mit DHL Premium. &nbsp; VERSANDKOSTEN\u00a0 Die Versandkosten und Laufzeiten variieren je nach Land und Kundengruppe (Privatkunden oder gewerbliche Kunden\/Gesch\u00e4ftskunden). \u00a0 \u00a0 \u00a0Privatkunden: Innerhalb Deutschlands berechnen wir pro Bestellung Mindestversandkosten von 4,99 \u20ac&hellip;<\/p>","protected":false},"author":1,"featured_media":0,"parent":0,"menu_order":0,"comment_status":"closed","ping_status":"closed","template":"","meta":[],"_links":{"self":[{"href":"https:\/\/montado.de\/en\/wp-json\/wp\/v2\/pages\/50077"}],"collection":[{"href":"https:\/\/montado.de\/en\/wp-json\/wp\/v2\/pages"}],"about":[{"href":"https:\/\/montado.de\/en\/wp-json\/wp\/v2\/types\/page"}],"author":[{"embeddable":true,"href":"https:\/\/montado.de\/en\/wp-json\/wp\/v2\/users\/1"}],"replies":[{"embeddable":true,"href":"https:\/\/montado.de\/en\/wp-json\/wp\/v2\/comments?post=50077"}],"version-history":[{"count":19,"href":"https:\/\/montado.de\/en\/wp-json\/wp\/v2\/pages\/50077\/revisions"}],"predecessor-version":[{"id":50436,"href":"https:\/\/montado.de\/en\/wp-json\/wp\/v2\/pages\/50077\/revisions\/50436"}],"wp:attachment":[{"href":"https:\/\/montado.de\/en\/wp-json\/wp\/v2\/media?parent=50077"}],"curies":[{"name":"wp","href":"https:\/\/api.w.org\/{rel}","templated":true}]}}