{"id":50067,"date":"2019-12-09T14:10:28","date_gmt":"2019-12-09T11:10:28","guid":{"rendered":"https:\/\/dev.montado.gr\/%cf%84%cf%81%cf%8c%cf%80%ce%bf%ce%b9-%cf%80%ce%bb%ce%b7%cf%81%cf%89%ce%bc%ce%ae%cf%82\/"},"modified":"2022-04-02T17:04:07","modified_gmt":"2022-04-02T14:04:07","slug":"zahlung-preise","status":"publish","type":"page","link":"https:\/\/montado.de\/en\/zahlung-preise\/","title":{"rendered":"Payment &amp; Prices"},"content":{"rendered":"<div class=\"vc_row wpb_row vc_row-fluid\"><div class=\"wpb_column vc_column_container vc_col-sm-12\"><div class=\"vc_column-inner\"><div class=\"wpb_wrapper\"><h3 style=\"text-align: center;font-family:Abril Fatface;font-weight:400;font-style:normal\" class=\"vc_custom_heading\" ><b>Payment &amp; Prices<\/b><\/h3>\n\t<div class=\"wpb_text_column wpb_content_element\" >\n\t\t<div class=\"wpb_wrapper\">\n\t\t\t<p><b>PAYMENT METHODS<\/b><\/p>\n<p>Privat- und Gesch\u00e4ftskunden k\u00f6nnen aus verschiedenen Zahlungsarten w\u00e4hlen:<\/p>\n<ul>\n<li>Paypal<\/li>\n<li>Bank transfer<\/li>\n<li>Cash on delivery<\/li>\n<li>Sofort-\u00dcberweisung (\u00fcber PayPal)<\/li>\n<li>Kreditkarte (\u00fcber PayPal)<\/li>\n<li>Lastschrift (\u00fcber PayPal)<\/li>\n<\/ul>\n<p>&nbsp;<\/p>\n<p><b>PRICES<\/b><\/p>\n<p>The article prices displayed vary by customer group (private customers or commercial\/business customers) and by shopping area (B2C or B2B area).<\/p>\n<p>&nbsp;<\/p>\n<p><b>Private customers:Private customers:<\/b><\/p>\n<p>Prices are presented in Euros and include VAT at the legal current rate. Shipping costs are presented to users during the purchase process.<\/p>\n<p>&nbsp;<\/p>\n<p><b>Commercial\/Business customers:<\/b><\/p>\n<p>Prices are presented (online) or quoted (offline) in Euros and do not include VAT (value added tax). VAT will be calculated and added according to the current legal rate (Germany 19%) and presented to the users before they place an order through the website or send us an order by e-mail. Shipping costs will be communicated upon delivery of the respective order.<\/p>\n\n\t\t<\/div>\n\t<\/div>\n<\/div><\/div><\/div><\/div>","protected":false},"excerpt":{"rendered":"<p>Zahlung &amp; Preise ZAHLUNGSARTEN Privat- und Gesch\u00e4ftskunden k\u00f6nnen aus verschiedenen Zahlungsarten w\u00e4hlen: Paypal Bank\u00fcberweisung Nachnahme Sofort-\u00dcberweisung (\u00fcber PayPal) Kreditkarte (\u00fcber PayPal) Lastschrift (\u00fcber PayPal) &nbsp; PREISE Die angezeigten Artikelpreise variieren je nach Kundengruppe (Privatkunden oder gewerbliche Kunden) und nach Einkaufsbereich (B2C- oder B2B-Bereich). &nbsp; Privatkunden: Die Preise sind in Euro angegeben und enthalten die gesetzliche&hellip;<\/p>","protected":false},"author":1,"featured_media":0,"parent":0,"menu_order":0,"comment_status":"closed","ping_status":"closed","template":"","meta":[],"_links":{"self":[{"href":"https:\/\/montado.de\/en\/wp-json\/wp\/v2\/pages\/50067"}],"collection":[{"href":"https:\/\/montado.de\/en\/wp-json\/wp\/v2\/pages"}],"about":[{"href":"https:\/\/montado.de\/en\/wp-json\/wp\/v2\/types\/page"}],"author":[{"embeddable":true,"href":"https:\/\/montado.de\/en\/wp-json\/wp\/v2\/users\/1"}],"replies":[{"embeddable":true,"href":"https:\/\/montado.de\/en\/wp-json\/wp\/v2\/comments?post=50067"}],"version-history":[{"count":11,"href":"https:\/\/montado.de\/en\/wp-json\/wp\/v2\/pages\/50067\/revisions"}],"predecessor-version":[{"id":50442,"href":"https:\/\/montado.de\/en\/wp-json\/wp\/v2\/pages\/50067\/revisions\/50442"}],"wp:attachment":[{"href":"https:\/\/montado.de\/en\/wp-json\/wp\/v2\/media?parent=50067"}],"curies":[{"name":"wp","href":"https:\/\/api.w.org\/{rel}","templated":true}]}}